{"id":1439,"date":"2023-10-05T08:18:10","date_gmt":"2023-10-05T08:18:10","guid":{"rendered":"https:\/\/demoapus1.com\/boxcar\/?page_id=1439"},"modified":"2024-08-11T08:36:29","modified_gmt":"2024-08-11T14:36:29","slug":"user-dashboard","status":"publish","type":"page","link":"https:\/\/sv.ahorrent.com\/en\/user-dashboard\/","title":{"rendered":"User Dashboard"},"content":{"rendered":"<div data-elementor-type=\"wp-page\" data-elementor-id=\"1439\" class=\"elementor elementor-1439\" data-elementor-post-type=\"page\">\n\t\t\t\t<div class=\"elementor-element elementor-element-830b61e e-con-full e-flex e-con e-parent\" data-id=\"830b61e\" data-element_type=\"container\" data-e-type=\"container\">\n\t\t<div class=\"elementor-element elementor-element-f87ce78 e-con-full e-flex e-con e-child\" data-id=\"f87ce78\" data-element_type=\"container\" data-e-type=\"container\">\n\t\t\t\t<div class=\"elementor-element elementor-element-a21a585 elementor-widget elementor-widget-heading\" data-id=\"a21a585\" data-element_type=\"widget\" data-e-type=\"widget\" data-widget_type=\"heading.default\">\n\t\t\t\t<div class=\"elementor-widget-container\">\n\t\t\t\t\t<h2 class=\"elementor-heading-title elementor-size-default\">Portal<\/h2>\t\t\t\t<\/div>\n\t\t\t\t<\/div>\n\t\t\t\t<\/div>\n\t\t\t\t<\/div>\n\t\t<div class=\"elementor-element elementor-element-ff25a04 e-con-full e-flex e-con e-parent\" data-id=\"ff25a04\" data-element_type=\"container\" data-e-type=\"container\">\n\t\t<div class=\"elementor-element elementor-element-bd8cf9b e-con-full e-flex e-con e-child\" data-id=\"bd8cf9b\" data-element_type=\"container\" data-e-type=\"container\">\n\t\t\t\t<div class=\"elementor-element elementor-element-a31465a elementor-widget elementor-widget-apus_element_dashboard_listing_count\" data-id=\"a31465a\" data-element_type=\"widget\" data-e-type=\"widget\" data-widget_type=\"apus_element_dashboard_listing_count.default\">\n\t\t\t\t<div class=\"elementor-widget-container\">\n\t\t\t\t\t\t\t<div class=\"dashboard-listing-count\">\n\t\t\t\t\t\t<div class=\"statistics dashboard-box box-white-dashboard d-flex align-items-center m-0\">\n\t\t\t\t<div class=\"inner-left flex-grow-1\">\n\t\t\t\t\t\t\t\t\t\t\t<h4>Publicados<\/h4>\n\t\t\t\t\t\t\t\t\t\t<div class=\"listings-count\">2<\/div>\n\t\t\t\t<\/div>\n\t\t\t\t<div class=\"inner-right d-flex align-items-center justify-content-center\">\n\t\t\t\t\t<i class=\"flaticon-car-3\"><\/i>\t\t\t\t<\/div>\n\t\t\t<\/div>\n\t\t<\/div>\n\t\t\t\t\t\t<\/div>\n\t\t\t\t<\/div>\n\t\t\t\t<\/div>\n\t\t<div class=\"elementor-element elementor-element-989ba0d e-con-full e-flex e-con e-child\" data-id=\"989ba0d\" data-element_type=\"container\" data-e-type=\"container\">\n\t\t\t\t<div class=\"elementor-element elementor-element-b43bed4 elementor-widget elementor-widget-apus_element_dashboard_favorite_count\" data-id=\"b43bed4\" data-element_type=\"widget\" data-e-type=\"widget\" data-widget_type=\"apus_element_dashboard_favorite_count.default\">\n\t\t\t\t<div class=\"elementor-widget-container\">\n\t\t\t\t\t\t\t<div class=\"dashboard-favorite-count\">\n\t\t\t\t\t\t<div class=\"statistics dashboard-box box-white-dashboard d-flex align-items-center m-0\">\n\t\t\t\t<div class=\"inner-left flex-grow-1\">\n\t\t\t\t\t\t\t\t\t\t\t<h4>Mis favoritos<\/h4>\n\t\t\t\t\t\t\t\t\t\t<div class=\"listings-count\">0<\/div>\n\t\t\t\t<\/div>\n\t\t\t\t<div class=\"inner-right d-flex align-items-center justify-content-center\">\n\t\t\t\t\t<i class=\"flaticon-bookmark\"><\/i>\t\t\t\t<\/div>\n\t\t\t<\/div>\n\t\t<\/div>\n\t\t\t\t\t\t<\/div>\n\t\t\t\t<\/div>\n\t\t\t\t<\/div>\n\t\t<div class=\"elementor-element elementor-element-91a261b e-con-full e-flex e-con e-child\" data-id=\"91a261b\" data-element_type=\"container\" data-e-type=\"container\">\n\t\t\t\t<div class=\"elementor-element elementor-element-bba03f7 elementor-widget elementor-widget-apus_element_dashboard_message_count\" data-id=\"bba03f7\" data-element_type=\"widget\" data-e-type=\"widget\" data-widget_type=\"apus_element_dashboard_message_count.default\">\n\t\t\t\t<div class=\"elementor-widget-container\">\n\t\t\t\t\t\t\t<div class=\"dashboard-messages-count\">\n\t\t\t\t\t\t<div class=\"statistics dashboard-box box-white-dashboard d-flex align-items-center m-0\">\n\t\t\t\t<div class=\"inner-left flex-grow-1\">\n\t\t\t\t\t\t\t\t\t\t\t<h4>Mensajes<\/h4>\n\t\t\t\t\t\t\t\t\t\t<div class=\"listings-count\">1<\/div>\n\t\t\t\t<\/div>\n\t\t\t\t<div class=\"inner-right d-flex align-items-center justify-content-center\">\n\t\t\t\t\t<i class=\"flaticon-chat\"><\/i>\t\t\t\t<\/div>\n\t\t\t<\/div>\n\t\t<\/div>\n\t\t\t\t\t\t<\/div>\n\t\t\t\t<\/div>\n\t\t\t\t<\/div>\n\t\t<div class=\"elementor-element elementor-element-68b9cc8 e-con-full e-flex e-con e-child\" data-id=\"68b9cc8\" data-element_type=\"container\" data-e-type=\"container\">\n\t\t\t\t<div class=\"elementor-element elementor-element-1e37211 elementor-widget elementor-widget-apus_element_dashboard_review_count\" data-id=\"1e37211\" data-element_type=\"widget\" data-e-type=\"widget\" data-widget_type=\"apus_element_dashboard_review_count.default\">\n\t\t\t\t<div class=\"elementor-widget-container\">\n\t\t\t\t\t\t\t<div class=\"dashboard-review-count\">\n\t\t\t\t\t\t<div class=\"statistics dashboard-box box-white-dashboard d-flex align-items-center m-0\">\n\t\t\t\t<div class=\"inner-left flex-grow-1\">\n\t\t\t\t\t\t\t\t\t\t\t<h4>Rese\u00f1as<\/h4>\n\t\t\t\t\t\t\t\t\t\t<div class=\"listings-count\">0<\/div>\n\t\t\t\t<\/div>\n\t\t\t\t<div class=\"inner-right d-flex align-items-center justify-content-center\">\n\t\t\t\t\t<i class=\"flaticon-email\"><\/i>\t\t\t\t<\/div>\n\t\t\t<\/div>\n\t\t<\/div>\n\t\t\t\t\t\t<\/div>\n\t\t\t\t<\/div>\n\t\t\t\t<\/div>\n\t\t\t\t<\/div>\n\t\t<div class=\"elementor-element elementor-element-b90979b e-con-full e-flex e-con e-parent\" data-id=\"b90979b\" data-element_type=\"container\" data-e-type=\"container\">\n\t\t<div class=\"elementor-element elementor-element-45977a9 e-con-full e-flex e-con e-child\" data-id=\"45977a9\" data-element_type=\"container\" data-e-type=\"container\">\n\t\t\t\t<div class=\"elementor-element elementor-element-997a2b0 elementor-widget elementor-widget-apus_element_dashboard_chart\" data-id=\"997a2b0\" data-element_type=\"widget\" data-e-type=\"widget\" data-widget_type=\"apus_element_dashboard_chart.default\">\n\t\t\t\t<div class=\"elementor-widget-container\">\n\t\t\t\t\t\t\t<div class=\"dashboard-chart\">\n\t\t\t\n\t\t\t\t\n\t\t\t\t\t\t\t\t\t<div class=\"dashboard-box box-white-dashboard\">\n\t\t\t\t\t\t<div class=\"heading-inner\">\n\t\t\t\t\t\t\t\t\t\t\t\t\t\t\t<h4 class=\"title\">Vistas de p\u00e1gina<\/h4>\n\t\t\t\t\t\t\t\t\t\t\t\t\t\t<div class=\"search-form-stats\">\n\t\t\t\t\t\t\t\t<form class=\"stats-graph-search-form\" method=\"post\" action=\"\">\n\t\t\t\t\t\t\t\t\t<div class=\"row\">\n\t\t\t\t\t\t\t\t\t\t<div class=\"col-sm-6 col-12\">\n\t\t\t\t\t\t\t\t\t\t\t<div class=\"form-group\">\n\t\t\t\t\t\t\t\t\t\t\t\t<label>Select Cars<\/label>\n\t\t\t\t\t\t\t\t\t\t\t\t<select class=\"form-control\" name=\"listing_id\">\n\t\t\t\t\t\t\t\t\t\t\t\t\t\t\t\t\t\t\t\t\t\t\t\t\t\t\t<option value=\"8458\">Volkswagen Teramont or Similar<\/option>\n\t\t\t\t\t\t\t\t\t\t\t\t\t\t\t\t\t\t\t\t\t\t\t\t\t\t\t<option value=\"8438\">Hyundai Staria or Similar<\/option>\n\t\t\t\t\t\t\t\t\t\t\t\t\t\t\t\t\t\t\t\t\t\t\t\t\t\t\t<option value=\"8437\">Nissan Urvan or Similar<\/option>\n\t\t\t\t\t\t\t\t\t\t\t\t\t\t\t\t\t\t\t\t\t\t\t\t\t\t\t<option value=\"8436\">Bestune T77 or Similar<\/option>\n\t\t\t\t\t\t\t\t\t\t\t\t\t\t\t\t\t\t\t\t\t\t\t\t\t\t\t<option value=\"8435\">Volkswagen ID.6 Crozz or Similar<\/option>\n\t\t\t\t\t\t\t\t\t\t\t\t\t\t\t\t\t\t\t\t\t\t\t\t\t\t\t<option value=\"8434\">Volkswagen Tiguan or Similar<\/option>\n\t\t\t\t\t\t\t\t\t\t\t\t\t\t\t\t\t\t\t\t\t\t\t\t\t\t\t<option value=\"8433\">Volkswagen Taos or Similar<\/option>\n\t\t\t\t\t\t\t\t\t\t\t\t\t\t\t\t\t\t\t\t\t\t\t\t\t\t\t<option value=\"8432\">Volkswagen T-Cross or Similar<\/option>\n\t\t\t\t\t\t\t\t\t\t\t\t\t\t\t\t\t\t\t\t\t\t\t\t\t\t\t<option value=\"8431\">Volkswagen Nivus or Similar<\/option>\n\t\t\t\t\t\t\t\t\t\t\t\t\t\t\t\t\t\t\t\t\t\t\t\t\t\t\t<option value=\"8430\">Volkswagen Fox Extreme o Similar<\/option>\n\t\t\t\t\t\t\t\t\t\t\t\t\t\t\t\t\t\t\t\t\t\t\t\t\t<\/select>\n\t\t\t\t\t\t\t\t\t\t\t<\/div>\n\t\t\t\t\t\t\t\t\t\t<\/div>\n\n\t\t\t\t\t\t\t\t\t\t<div class=\"col-sm-6 col-12\">\n\t\t\t\t\t\t\t\t\t\t\t<div class=\"form-group\">\n\t\t\t\t\t\t\t\t\t\t\t\t<label>Date<\/label>\n\t\t\t\t\t\t\t\t\t\t\t\t<select class=\"form-control\" name=\"nb_days\">\n\t\t\t\t\t\t\t\t\t\t\t\t\t<option value=\"30\">30 days<\/option>\n\t\t\t\t\t\t\t\t\t\t\t\t\t<option value=\"15\" selected>15 days<\/option>\n\t\t\t\t\t\t\t\t\t\t\t\t\t<option value=\"7\">7 days<\/option>\n\t\t\t\t\t\t\t\t\t\t\t\t<\/select>\n\t\t\t\t\t\t\t\t\t\t\t<\/div>\n\t\t\t\t\t\t\t\t\t\t<\/div>\n\t\t\t\t\t\t\t\t\t<\/div>\n\t\t\t\t\t\t\t\t<input type=\"hidden\" name=\"trp-form-language\" value=\"en\"\/><\/form>\n\t\t\t\t\t\t\t<\/div>\n\t\t\t\t\t\t<\/div>\n\n\t\t\t\t\t\t<div class=\"page_views-wrapper\">\n\t\t\t\t\t\t\t<canvas id=\"dashboard_listing_chart_wrapper\" data-listing_id=\"8458\" data-nonce=\"86c41678b8\"><\/canvas>\n\t\t\t\t\t\t<\/div>\n\t\t\t\t\t<\/div>\n\t\t\t\t\t\t<\/div>\n\t\t\t\t\t\t<\/div>\n\t\t\t\t<\/div>\n\t\t\t\t<\/div>\n\t\t<div class=\"elementor-element elementor-element-1e66b53 e-con-full e-flex e-con e-child\" data-id=\"1e66b53\" data-element_type=\"container\" data-e-type=\"container\">\n\t\t\t\t<div class=\"elementor-element elementor-element-9572cdf elementor-widget elementor-widget-apus_element_dashboard_activities\" data-id=\"9572cdf\" data-element_type=\"widget\" data-e-type=\"widget\" data-widget_type=\"apus_element_dashboard_activities.default\">\n\t\t\t\t<div class=\"elementor-widget-container\">\n\t\t\t\t\t\t\t<div class=\"dashboard-box box-white-dashboard\">\n\t\t\t\t\t\t\t<h4 class=\"title\">Actividades<\/h4>\n\t\t\t\t\t\t\t\t<\/div>\n\t\t\t\t\t\t<\/div>\n\t\t\t\t<\/div>\n\t\t\t\t<\/div>\n\t\t\t\t<\/div>\n\t\t\t\t<\/div>","protected":false},"excerpt":{"rendered":"<p>Portal Publicados 15 Mis favoritos 0 Mensajes 2 Rese\u00f1as 1 Vistas de p\u00e1gina Select Cars Amarok Comfortline (4\u00d74)Toyota Hiace (1.25T)Volkswagen VirtusVolkswagen TeramontVolkswagen NivusAudi A6 3.5 &#8211; NewCorolla Altis &#8211; 2023Ford Explorer 2023BMW X8 &#8211; 5.0Audi A4, 4.5 New Date 30 days15 days7 days Actividades Someone favorites your listing Amarok Comfortline (4\u00d74) 4 d\u00edas ago<\/p>","protected":false},"author":1,"featured_media":0,"parent":0,"menu_order":0,"comment_status":"closed","ping_status":"closed","template":"page-dashboard.php","meta":{"inline_featured_image":false,"footnotes":""},"class_list":["post-1439","page","type-page","status-publish","hentry"],"_links":{"self":[{"href":"https:\/\/sv.ahorrent.com\/en\/wp-json\/wp\/v2\/pages\/1439","targetHints":{"allow":["GET"]}}],"collection":[{"href":"https:\/\/sv.ahorrent.com\/en\/wp-json\/wp\/v2\/pages"}],"about":[{"href":"https:\/\/sv.ahorrent.com\/en\/wp-json\/wp\/v2\/types\/page"}],"author":[{"embeddable":true,"href":"https:\/\/sv.ahorrent.com\/en\/wp-json\/wp\/v2\/users\/1"}],"replies":[{"embeddable":true,"href":"https:\/\/sv.ahorrent.com\/en\/wp-json\/wp\/v2\/comments?post=1439"}],"version-history":[{"count":5,"href":"https:\/\/sv.ahorrent.com\/en\/wp-json\/wp\/v2\/pages\/1439\/revisions"}],"predecessor-version":[{"id":6961,"href":"https:\/\/sv.ahorrent.com\/en\/wp-json\/wp\/v2\/pages\/1439\/revisions\/6961"}],"wp:attachment":[{"href":"https:\/\/sv.ahorrent.com\/en\/wp-json\/wp\/v2\/media?parent=1439"}],"curies":[{"name":"wp","href":"https:\/\/api.w.org\/{rel}","templated":true}]}}