{"id":49,"date":"2023-09-19T04:40:11","date_gmt":"2023-09-19T04:40:11","guid":{"rendered":"https:\/\/demoapus1.com\/boxcar\/?page_id=49"},"modified":"2024-12-18T16:53:10","modified_gmt":"2024-12-18T22:53:10","slug":"contacto","status":"publish","type":"page","link":"https:\/\/sv.ahorrent.com\/en\/contacto\/","title":{"rendered":"Contact Us"},"content":{"rendered":"<div data-elementor-type=\"wp-page\" data-elementor-id=\"49\" class=\"elementor elementor-49\" data-elementor-post-type=\"page\">\n\t\t\t\t<div class=\"elementor-element elementor-element-43b524b elementor-hidden-tablet e-con-full elementor-hidden-desktop e-flex elementor-invisible e-con e-parent\" data-id=\"43b524b\" data-element_type=\"container\" data-e-type=\"container\" data-settings=\"{&quot;background_background&quot;:&quot;classic&quot;,&quot;animation&quot;:&quot;slide-up&quot;,&quot;shape_divider_top&quot;:&quot;triangle-asymmetrical&quot;,&quot;shape_divider_bottom&quot;:&quot;triangle-asymmetrical&quot;}\">\n\t\t\t\t<div class=\"elementor-shape elementor-shape-top\" aria-hidden=\"true\" data-negative=\"false\">\n\t\t\t<svg xmlns=\"http:\/\/www.w3.org\/2000\/svg\" viewbox=\"0 0 1000 100\" preserveaspectratio=\"none\">\n\t<path class=\"elementor-shape-fill\" d=\"M738,99l262-93V0H0v5.6L738,99z\"\/>\n<\/svg>\t\t<\/div>\n\t\t\t\t<div class=\"elementor-shape elementor-shape-bottom\" aria-hidden=\"true\" data-negative=\"false\">\n\t\t\t<svg xmlns=\"http:\/\/www.w3.org\/2000\/svg\" viewbox=\"0 0 1000 100\" preserveaspectratio=\"none\">\n\t<path class=\"elementor-shape-fill\" d=\"M738,99l262-93V0H0v5.6L738,99z\"\/>\n<\/svg>\t\t<\/div>\n\t\t<div class=\"elementor-element elementor-element-cdaf73f e-con-full e-flex e-con e-child\" data-id=\"cdaf73f\" data-element_type=\"container\" data-e-type=\"container\">\n\t\t\t\t<div class=\"elementor-element elementor-element-7f6671e elementor-widget elementor-widget-heading\" data-id=\"7f6671e\" data-element_type=\"widget\" data-e-type=\"widget\" data-widget_type=\"heading.default\">\n\t\t\t\t<div class=\"elementor-widget-container\">\n\t\t\t\t\t<h2 class=\"elementor-heading-title elementor-size-default\">Contact Us<\/h2>\t\t\t\t<\/div>\n\t\t\t\t<\/div>\n\t\t\t\t<\/div>\n\t\t\t\t<\/div>\n\t\t<div class=\"elementor-element elementor-element-f99bf49 elementor-hidden-tablet elementor-hidden-mobile e-flex e-con-boxed elementor-invisible e-con e-parent\" data-id=\"f99bf49\" data-element_type=\"container\" data-e-type=\"container\" data-settings=\"{&quot;background_background&quot;:&quot;classic&quot;,&quot;animation&quot;:&quot;slide-up&quot;,&quot;shape_divider_top&quot;:&quot;triangle-asymmetrical&quot;,&quot;shape_divider_bottom&quot;:&quot;triangle-asymmetrical&quot;}\">\n\t\t\t\t\t<div class=\"e-con-inner\">\n\t\t\t\t<div class=\"elementor-shape elementor-shape-top\" aria-hidden=\"true\" data-negative=\"false\">\n\t\t\t<svg xmlns=\"http:\/\/www.w3.org\/2000\/svg\" viewbox=\"0 0 1000 100\" preserveaspectratio=\"none\">\n\t<path class=\"elementor-shape-fill\" d=\"M738,99l262-93V0H0v5.6L738,99z\"\/>\n<\/svg>\t\t<\/div>\n\t\t\t\t<div class=\"elementor-shape elementor-shape-bottom\" aria-hidden=\"true\" data-negative=\"false\">\n\t\t\t<svg xmlns=\"http:\/\/www.w3.org\/2000\/svg\" viewbox=\"0 0 1000 100\" preserveaspectratio=\"none\">\n\t<path class=\"elementor-shape-fill\" d=\"M738,99l262-93V0H0v5.6L738,99z\"\/>\n<\/svg>\t\t<\/div>\n\t\t<div class=\"elementor-element elementor-element-9d18204 e-con-full e-flex e-con e-child\" data-id=\"9d18204\" data-element_type=\"container\" data-e-type=\"container\">\n\t\t\t\t<div class=\"elementor-element elementor-element-d72cdf6 elementor-widget elementor-widget-heading\" data-id=\"d72cdf6\" data-element_type=\"widget\" data-e-type=\"widget\" data-widget_type=\"heading.default\">\n\t\t\t\t<div class=\"elementor-widget-container\">\n\t\t\t\t\t<h2 class=\"elementor-heading-title elementor-size-default\">Contact Us<\/h2>\t\t\t\t<\/div>\n\t\t\t\t<\/div>\n\t\t\t\t<\/div>\n\t\t\t\t\t<\/div>\n\t\t\t\t<\/div>\n\t\t<div class=\"elementor-element elementor-element-5984581 e-flex e-con-boxed elementor-invisible e-con e-parent\" data-id=\"5984581\" data-element_type=\"container\" data-e-type=\"container\" data-settings=\"{&quot;animation&quot;:&quot;slide-up&quot;}\">\n\t\t\t\t\t<div class=\"e-con-inner\">\n\t\t<div class=\"elementor-element elementor-element-6206649 e-con-full e-flex e-con e-child\" data-id=\"6206649\" data-element_type=\"container\" data-e-type=\"container\">\n\t\t\t\t<div class=\"elementor-element elementor-element-45f1190 elementor-widget elementor-widget-shortcode\" data-id=\"45f1190\" data-element_type=\"widget\" data-e-type=\"widget\" data-widget_type=\"shortcode.default\">\n\t\t\t\t<div class=\"elementor-widget-container\">\n\t\t\t\t\t\t\t<div class=\"elementor-shortcode\"><p class=\"wpcf7-contact-form-not-found\"><strong>Error:<\/strong> Contact form not found.<\/p><\/div>\n\t\t\t\t\t\t<\/div>\n\t\t\t\t<\/div>\n\t\t\t\t<\/div>\n\t\t<div class=\"elementor-element elementor-element-677f024 e-con-full elementor-hidden-tablet elementor-hidden-mobile e-flex e-con e-child\" data-id=\"677f024\" data-element_type=\"container\" data-e-type=\"container\">\n\t\t\t\t<\/div>\n\t\t<div class=\"elementor-element elementor-element-1493b95 e-con-full e-flex e-con e-child\" data-id=\"1493b95\" data-element_type=\"container\" data-e-type=\"container\">\n\t\t\t\t<div class=\"elementor-element elementor-element-1a8fe6a elementor-widget elementor-widget-heading\" data-id=\"1a8fe6a\" data-element_type=\"widget\" data-e-type=\"widget\" data-widget_type=\"heading.default\">\n\t\t\t\t<div class=\"elementor-widget-container\">\n\t\t\t\t\t<h2 class=\"elementor-heading-title elementor-size-default\">Do you have any doubts?<\/h2>\t\t\t\t<\/div>\n\t\t\t\t<\/div>\n\t\t\t\t<div class=\"elementor-element elementor-element-7e17de0 elementor-widget elementor-widget-text-editor\" data-id=\"7e17de0\" data-element_type=\"widget\" data-e-type=\"widget\" data-widget_type=\"text-editor.default\">\n\t\t\t\t<div class=\"elementor-widget-container\">\n\t\t\t\t\t\t\t\t\t<div class=\"elementor-element elementor-element-73200453 elementor-widget elementor-widget-text-editor\" data-id=\"73200453\" data-element_type=\"widget\" data-widget_type=\"text-editor.default\"><div class=\"elementor-widget-container\"><p class=\"p1\"><span class=\"s1\">Send us your information and a consultant will contact you.\u00a0<\/span><\/p><\/div><\/div>\t\t\t\t\t\t\t\t<\/div>\n\t\t\t\t<\/div>\n\t\t\t\t<div class=\"elementor-element elementor-element-3b9d106 elementor-widget elementor-widget-apus_element_list_icon\" data-id=\"3b9d106\" data-element_type=\"widget\" data-e-type=\"widget\" data-widget_type=\"apus_element_list_icon.default\">\n\t\t\t\t<div class=\"elementor-widget-container\">\n\t\t\t\t\t            <div class=\"widget-list-icon\">\n                                                <div class=\"list-icon d-flex style1\">\n                                    <div class=\"features-box-image img\"><img decoding=\"async\" width=\"20\" height=\"22\" src=\"https:\/\/sv.ahorrent.com\/wp-content\/uploads\/2023\/10\/pin.svg\" class=\"attachment-full size-full wp-image-1951\" alt=\"\" \/><\/div><div class=\"box-content\"><h3 class=\"title\">Address<\/h3><div class=\"description\">16 avenida 17-65 Blvd. Los Pr\u00f3ceres, zona 10.\n\n<\/div><\/div>\n                            <\/div>\n                                                <div class=\"list-icon d-flex style1\">\n                                    <div class=\"features-box-image img\"><img decoding=\"async\" width=\"24\" height=\"22\" src=\"https:\/\/sv.ahorrent.com\/wp-content\/uploads\/2023\/10\/mail-1.svg\" class=\"attachment-full size-full wp-image-1958\" alt=\"\" \/><\/div><div class=\"box-content\"><h3 class=\"title\">Email<\/h3><div class=\"description\">info@sv.ahorrent.com<\/div><\/div>\n                            <\/div>\n                                                <div class=\"list-icon d-flex style1\">\n                                    <div class=\"features-box-image img\"><a href=\"tel:50223832800\" target=\"_self\" ><img decoding=\"async\" width=\"26\" height=\"26\" src=\"https:\/\/sv.ahorrent.com\/wp-content\/uploads\/2023\/10\/phone-1.svg\" class=\"attachment-full size-full wp-image-1959\" alt=\"\" \/><\/a><\/div><div class=\"box-content\"><a href=\"tel:50223832800\" target=\"_self\" ><h3 class=\"title\">Phone<\/h3><\/a><div class=\"description\">(+502) 2383 2800<\/div><\/div>\n                            <\/div>\n                                                <div class=\"list-icon d-flex style1\">\n                                    <div class=\"features-box-image img\"><a href=\"https:\/\/api.whatsapp.com\/send?phone=50241143536\" target=\"_self\" rel=\"noopener\"><img decoding=\"async\" width=\"26\" height=\"26\" src=\"https:\/\/sv.ahorrent.com\/wp-content\/uploads\/2023\/10\/phone-1.svg\" class=\"attachment-full size-full wp-image-1959\" alt=\"\" \/><\/a><\/div><div class=\"box-content\"><a href=\"https:\/\/api.whatsapp.com\/send?phone=50241143536\" target=\"_self\" rel=\"noopener\"><h3 class=\"title\">WhatsApp<\/h3><\/a><div class=\"description\">(+502) 2383 2800<\/div><\/div>\n                            <\/div>\n                                <\/div>\n            \t\t\t\t<\/div>\n\t\t\t\t<\/div>\n\t\t\t\t<div class=\"elementor-element elementor-element-f278eec elementor-widget elementor-widget-heading\" data-id=\"f278eec\" data-element_type=\"widget\" data-e-type=\"widget\" data-widget_type=\"heading.default\">\n\t\t\t\t<div class=\"elementor-widget-container\">\n\t\t\t\t\t<h2 class=\"elementor-heading-title elementor-size-default\">Follow us on social networks<\/h2>\t\t\t\t<\/div>\n\t\t\t\t<\/div>\n\t\t\t\t<div class=\"elementor-element elementor-element-7cdbc25 elementor-widget elementor-widget-apus_element_social_links\" data-id=\"7cdbc25\" data-element_type=\"widget\" data-e-type=\"widget\" data-widget_type=\"apus_element_social_links.default\">\n\t\t\t\t<div class=\"elementor-widget-container\">\n\t\t\t\t\t\n        <div class=\"widget-socials\">\n                        <ul class=\"social list-inline\">\n                                    <li>\n                        <a href=\"https:\/\/www.facebook.com\/ahorrentgt\" target=\"_blank\" rel=\"noopener\">\n                            <i class=\"fab fa-facebook-f\"><\/i>                        <\/a>\n                    <\/li>\n                                    <li>\n                        <a href=\"https:\/\/www.instagram.com\/ahorrentgt\/\" target=\"_blank\" rel=\"noopener\">\n                            <i class=\"fab fa-instagram\"><\/i>                        <\/a>\n                    <\/li>\n                                    <li>\n                        <a href=\"https:\/\/www.linkedin.com\/company\/74071220\" target=\"_blank\" rel=\"noopener\">\n                            <i class=\"fab fa-linkedin-in\"><\/i>                        <\/a>\n                    <\/li>\n                            <\/ul>\n        <\/div> \n        \t\t\t\t<\/div>\n\t\t\t\t<\/div>\n\t\t\t\t<\/div>\n\t\t\t\t\t<\/div>\n\t\t\t\t<\/div>\n\t\t<div class=\"elementor-element elementor-element-ed7809f e-flex e-con-boxed elementor-invisible e-con e-parent\" data-id=\"ed7809f\" data-element_type=\"container\" data-e-type=\"container\" data-settings=\"{&quot;animation&quot;:&quot;slide-up&quot;}\">\n\t\t\t\t\t<div class=\"e-con-inner\">\n\t\t<div class=\"elementor-element elementor-element-ed0514b e-con-full e-flex e-con e-child\" data-id=\"ed0514b\" data-element_type=\"container\" data-e-type=\"container\">\n\t\t\t\t<div class=\"elementor-element elementor-element-2361e7c elementor-widget elementor-widget-google_maps\" data-id=\"2361e7c\" data-element_type=\"widget\" data-e-type=\"widget\" data-widget_type=\"google_maps.default\">\n\t\t\t\t<div class=\"elementor-widget-container\">\n\t\t\t\t\t\t\t<div class=\"elementor-custom-embed\">\n\t\t\t<iframe loading=\"lazy\"\n\t\t\t\t\tsrc=\"https:\/\/maps.google.com\/maps?q=Ahorrent&#038;t=m&#038;z=14&#038;output=embed&#038;iwloc=near\"\n\t\t\t\t\ttitle=\"Ahorrent\"\n\t\t\t\t\taria-label=\"Ahorrent\"\n\t\t\t><\/iframe>\n\t\t<\/div>\n\t\t\t\t\t\t<\/div>\n\t\t\t\t<\/div>\n\t\t\t\t<\/div>\n\t\t\t\t\t<\/div>\n\t\t\t\t<\/div>\n\t\t\t\t<\/div>","protected":false},"excerpt":{"rendered":"<p>Contact Us Contact Us \u00bfTienes alguna duda? Env\u00edanos tus datos y un asesor se comunicar\u00e1 contigo.\u00a0 Direcci\u00f3n 16 avenida 17-65 Blvd. Los Pr\u00f3ceres, zona 10. Correo info@sv.ahorrent.com Tel\u00e9fono (+502) 2383 2800 WhatsApp (+502) 2383 2800 S\u00edguenos en redes sociales<\/p>","protected":false},"author":1,"featured_media":0,"parent":0,"menu_order":0,"comment_status":"closed","ping_status":"closed","template":"elementor_header_footer","meta":{"inline_featured_image":false,"footnotes":""},"class_list":["post-49","page","type-page","status-publish","hentry"],"_links":{"self":[{"href":"https:\/\/sv.ahorrent.com\/en\/wp-json\/wp\/v2\/pages\/49","targetHints":{"allow":["GET"]}}],"collection":[{"href":"https:\/\/sv.ahorrent.com\/en\/wp-json\/wp\/v2\/pages"}],"about":[{"href":"https:\/\/sv.ahorrent.com\/en\/wp-json\/wp\/v2\/types\/page"}],"author":[{"embeddable":true,"href":"https:\/\/sv.ahorrent.com\/en\/wp-json\/wp\/v2\/users\/1"}],"replies":[{"embeddable":true,"href":"https:\/\/sv.ahorrent.com\/en\/wp-json\/wp\/v2\/comments?post=49"}],"version-history":[{"count":5,"href":"https:\/\/sv.ahorrent.com\/en\/wp-json\/wp\/v2\/pages\/49\/revisions"}],"predecessor-version":[{"id":8639,"href":"https:\/\/sv.ahorrent.com\/en\/wp-json\/wp\/v2\/pages\/49\/revisions\/8639"}],"wp:attachment":[{"href":"https:\/\/sv.ahorrent.com\/en\/wp-json\/wp\/v2\/media?parent=49"}],"curies":[{"name":"wp","href":"https:\/\/api.w.org\/{rel}","templated":true}]}}